{"id":950,"date":"2019-06-13T04:33:01","date_gmt":"2019-06-13T02:33:01","guid":{"rendered":"https:\/\/www.blumeblau.com\/goodoldtimestattoo\/before-the-tattoo\/"},"modified":"2026-01-23T16:43:15","modified_gmt":"2026-01-23T16:43:15","slug":"vor-dem-tattoo","status":"publish","type":"page","link":"https:\/\/goodoldtimestattoo.com\/de\/vor-dem-tattoo\/","title":{"rendered":"Vor dem Tattoo"},"content":{"rendered":"\n<figure class=\"wp-block-image alignfull size-full\"><img loading=\"lazy\" decoding=\"async\" width=\"1152\" height=\"720\" src=\"https:\/\/goodoldtimestattoo.com\/wp-content\/uploads\/2022\/12\/vor-dem-tattoo.jpg\" alt=\"vor dem Tattoo bei Good Old Times Tattoo Berlin\" class=\"wp-image-6760\" srcset=\"https:\/\/goodoldtimestattoo.com\/wp-content\/uploads\/2022\/12\/vor-dem-tattoo.jpg 1152w, https:\/\/goodoldtimestattoo.com\/wp-content\/uploads\/2022\/12\/vor-dem-tattoo-300x188.jpg 300w, https:\/\/goodoldtimestattoo.com\/wp-content\/uploads\/2022\/12\/vor-dem-tattoo-1024x640.jpg 1024w, https:\/\/goodoldtimestattoo.com\/wp-content\/uploads\/2022\/12\/vor-dem-tattoo-768x480.jpg 768w, https:\/\/goodoldtimestattoo.com\/wp-content\/uploads\/2022\/12\/vor-dem-tattoo-450x281.jpg 450w\" sizes=\"auto, (max-width: 1152px) 100vw, 1152px\" \/><\/figure>\n\n\n\n<p>Eine gute Tattoo Vorbereitung, bevor du ins <a href=\"https:\/\/www.google.com\/maps\/place\/Good+Old+Times+Tattoo+Berlin\/@52.5296459,13.3959896,16z\/data=!3m1!4b1!4m6!3m5!1s0x47a851e5babb7b4f:0xcefe88fba92df198!8m2!3d52.5296427!4d13.3985699!16s%2Fg%2F11b6bb05d6?entry=ttu\">Tattoo Studio<\/a> kommst, kann dein Erlebnis, sowohl f\u00fcr dich als auch f\u00fcr deinen K\u00fcnstler, erheblich verbessern. <\/p>\n\n\n\n<p>Wenn die Nacht vor dem Tattoo n\u00e4her r\u00fcckt, steigt die Vorfreude, egal ob du ein erfahrener Veteran bist oder zum ersten Mal in ein Tattoostudio gehst. Doch es gibt wichtige Tipps zu beachten, bevor deine Sitzung beginnt.<\/p>\n\n\n\n<p>Fangen wir an!<\/p>\n\n\n\n<h2 class=\"wp-block-heading has-text-align-center\">WAS VOR DEM TATTOO ZU TUN IST<\/h2>\n\n\n\n<p class=\"has-text-align-center\"><strong>EINE GUTE NACHT SCHLAF BEKOMMEN<\/strong><\/p>\n\n\n\n<p>Es ist wichtig, vor deiner Tattoositzung eine gute Nachtruhe zu bekommen. Ausgeruht zu sein, ist entscheidend, um w\u00e4hrend des T\u00e4towierprozesses aufmerksam und im Einklang mit deinem K\u00f6rper zu bleiben. Du m\u00f6chtest die Signale, die dein K\u00f6rper sendet, interpretieren und entsprechend reagieren k\u00f6nnen. Einschlafen w\u00e4hrend der Sitzung kann den Arbeitsablauf des K\u00fcnstlers st\u00f6ren und die Qualit\u00e4t deines Tattoos beeintr\u00e4chtigen. Versuche, fr\u00fcher als \u00fcblich ins Bett zu gehen, besonders wenn du nerv\u00f6s wegen des Termins bist. Wenn du m\u00fcde zur Sitzung kommst, teile dies deinem T\u00e4towierer mit, damit er deinen Zustand versteht und entsprechend anpassen kann. Sich ausreichend auszuruhen, wird dein Erlebnis verbessern und die Sitzung angenehmer machen.<\/p>\n\n\n\n<p class=\"has-text-align-center\"><strong>BLEIB HYDRIERT<\/strong><\/p>\n\n\n\n<p>Stelle sicher, dass dein K\u00f6rper vor deiner Tattoositzung ausreichend hydratisiert ist. Beginne mindestens einen Monat vor deinem Termin regelm\u00e4\u00dfig Wasser zu trinken. Trinke 24 Stunden vor deinem Termin viel Wasser! Hydrierte Haut nimmt Farbe effektiver auf, was zu einem reibungsloseren T\u00e4towierprozess f\u00fcr deinen T\u00e4towierer f\u00fchrt. Bring auch eine Wasserflasche zu deiner Sitzung mit, um w\u00e4hrenddessen hydratisiert zu bleiben. Nach deinem Tattoo solltest du weiterhin auf ausreichende Fl\u00fcssigkeitszufuhr achten, um den Heilungsprozess zu unterst\u00fctzen. Dein K\u00f6rper wird es dir danken.<\/p>\n\n\n\n<p class=\"has-text-align-center\"><strong>DUSCHEN<\/strong><\/p>\n\n\n\n<p>Auch wenn es offensichtlich erscheint, ist es wichtig, vor deinem Tattoo Termin zu duschen. Saubere Haut zu haben ist entscheidend, besonders weil beim T\u00e4towieren kleine Schnitte und Haut\u00f6ffnungen entstehen. Au\u00dferdem wird dein T\u00e4towierer es zu sch\u00e4tzen wissen, nicht in der N\u00e4he von Schwei\u00df- und Schmutzgeruch arbeiten zu m\u00fcssen. Wenn du also lange Zeit von zu Hause weg bist, bevor du deinen Termin hast, nimm dir die Zeit f\u00fcr eine schnelle Dusche und wechsel gegebenenfalls deine Kleidung und Unterw\u00e4sche. Achte besonders auf deine F\u00fc\u00dfe, Achselh\u00f6hlen und Intimhygiene.<\/p>\n\n\n\n<p class=\"has-text-align-center\"><strong>FEUCHTE DEINE HAUT AN<\/strong><\/p>\n\n\n\n<p>Zun\u00e4chst einmal ist es wichtig zu beachten, dass du am Tag deines Tattoo Termins das Eincremen der Haut vermeiden solltest, um Probleme mit der Nadel, der Tattoo Maschine oder der Farbe zu verhindern.<\/p>\n\n\n\n<p>Nachdem wir das gekl\u00e4rt haben, ist es entscheidend, deine Haut in den Tagen und Wochen vor deinem Termin zu pflegen. In den Tagen vor deiner Tattoo Sitzung solltest du versuchen, deine Haut 1-2 Mal t\u00e4glich f\u00fcr 5-7 Tage mit Feuchtigkeit zu versorgen. W\u00e4hrend der Wintermonate, wenn die Haut tendenziell trockener ist, achte besonders darauf, wie deine Haut aussieht und sich anf\u00fchlt.<\/p>\n\n\n\n<p class=\"has-text-align-center\"><strong>ESS GESUND UND BRING SNACKS MIT<\/strong><\/p>\n\n\n\n<p>Das Hungergef\u00fchl bei deinem Termin ist nicht ideal. Du wirst Energie brauchen, besonders bei l\u00e4ngeren Sitzungen, also ist eine ausgewogene und gesunde Mahlzeit im Voraus entscheidend. Sie versorgt nicht nur deinen K\u00f6rper, sondern unterst\u00fctzt auch dein seelisches Wohlbefinden. Das hilft, ein Schwindelgef\u00fchl zu vermeiden oder das Risiko eines durch Ersch\u00f6pfung verursachten Zusammenbruchs zu minimieren. Hunger w\u00e4hrend deiner Sitzung k\u00f6nnte deinen T\u00e4towierer dazu veranlassen, h\u00e4ufigere Pausen vorzuschlagen, um sicherzustellen, dass dein K\u00f6rper gut damit umgeht.<\/p>\n\n\n\n<p>Au\u00dferdem ist es ratsam, Snacks zu deinen Terminen mitzubringen, besonders wenn du dazu neigst, einen niedrigen Blutzuckerspiegel zu haben. Ein St\u00fcck Obst, ein M\u00fcsliriegel oder Kekse k\u00f6nnen w\u00e4hrend l\u00e4ngerer Sitzungen ungemein hilfreich sein.<\/p>\n\n\n\n<p class=\"has-text-align-center\"><strong>BEQUEME KLEIDUNG TRAGEN<\/strong><\/p>\n\n\n\n<p>Bequemlichkeit ist das A und O w\u00e4hrend deines Tattoo Termins, daher w\u00e4hle Kleidung, die dir Entspannung erm\u00f6glicht. Vermeide einschr\u00e4nkende Kleidung wie enge Jeans oder Kleider. Entscheide dich stattdessen f\u00fcr lockere, bequeme Kleidung, um Juckreiz, \u00dcberhitzung und Unbehagen zu vermeiden. Druckpunkte von BHs, G\u00fcrteln oder Socken k\u00f6nnen sich stark auf dein Tattoo und die Durchblutung auswirken. Lockere Kleidung erleichtert es auch, deine Position bei Bedarf anzupassen, und bietet deinem K\u00fcnstler einfachen Zugang zum Tattoo Bereich. Au\u00dferdem, tue dir selbst einen Gefallen und trage nicht dein Lieblings T-Shirt, wei\u00dfe Hosen oder brandneue Sneakers. W\u00e4hrend der Sitzung kann Farbe oder Blut versehentlich mit der Kleidung in Kontakt kommen, und wir \u00fcbernehmen keine Verantwortung f\u00fcr eventuelle Sch\u00e4den, die auftreten k\u00f6nnen.<\/p>\n\n\n\n<p class=\"has-text-align-center\"><strong>\u00dcBER ALLERGIEN ODER KRANKHEITEN SPRECHEN<\/strong><\/p>\n\n\n\n<p>Wenn du Gesundheitsprobleme hast oder Medikamente einnimmst, ist es entscheidend, uns im Voraus, vor deinem geplanten Tattoo Termin, dar\u00fcber zu informieren. Unser &#8222;Einwilligungsformular&#8220; enth\u00e4lt Abschnitte f\u00fcr diesen Zweck. Bitte besprich etwaige Bedenken, wie Allergien (z.B. gegen Latex, Nickel) oder die Einnahme von Blutverd\u00fcnnern, mit uns. Wenn du dich am Tag deines Termins unwohl f\u00fchlst, achte darauf, dies auf dem Formular zu vermerken und sprich direkt mit dem T\u00e4towierer, bevor es losgeht.<\/p>\n\n\n\n<p>Aus Sicherheitsgr\u00fcnden t\u00e4towieren wir keine Personen mit Hepatitis oder AIDS und verzichten darauf, schwangere oder stillende Personen zu t\u00e4towieren. Wenn du bevorstehende Operationen oder \u00e4rztliche Untersuchungen geplant hast, ist es ratsam, dies ebenfalls mit uns zu besprechen. In einigen F\u00e4llen ist es m\u00f6glicherweise besser, deinen Tattoo Termin danach zu planen. Deine Ehrlichkeit ist entscheidend f\u00fcr eine positive Tattoo Erfahrung.<\/p>\n\n\n\n<h2 class=\"wp-block-heading has-text-align-center\">WAS VOR DEM TATTOO NICHT ZU TUN IST<\/h2>\n\n\n\n<p class=\"has-text-align-center\"><strong>HART FEIERN \/ DROGEN NEHMEN \/ ALKOHOL TRINKEN<\/strong><\/p>\n\n\n\n<p>Das Gef\u00fchl von Angst vor deiner Tattoositzung ist v\u00f6llig normal, besonders wenn es das erste Mal ist. Es ist jedoch wichtig zu bedenken, dass du abgewiesen wirst, wenn du unter dem Einfluss von Alkohol oder Drogen erscheinst. Diese Substanzen sind keine effektiven L\u00f6sungen zur Bew\u00e4ltigung der Angst vor Schmerzen oder Nadeln w\u00e4hrend des T\u00e4towierungsprozesses. Dar\u00fcber hinaus ist der Konsum von Alkohol vor deinem Termin \u00e4u\u00dferst riskant, da er dein Blut verd\u00fcnnt und das Risiko von Komplikationen erh\u00f6ht. Es ist auch wichtig, vor deiner Sitzung Aspirin oder andere blutverd\u00fcnnende Medikamente zu vermeiden. Wenn du verschreibungspflichtige Medikamente einnimmst, solltest du vorher deinen Arzt konsultieren, um sicherzustellen, dass es sicher f\u00fcr dich ist, dich t\u00e4towieren zu lassen.<\/p>\n\n\n\n<p class=\"has-text-align-center\"><strong>RASIEREN<\/strong><\/p>\n\n\n\n<p>Es ist wichtig, den Bereich deines K\u00f6rpers, der t\u00e4towiert werden soll, vor deinem Termin nicht zu rasieren; wir k\u00fcmmern uns darum im Studio. Dies hilft, unn\u00f6tige Reizungen der Haut zu vermeiden. Dar\u00fcber hinaus solltest du darauf verzichten, K\u00f6rperlotions, Parf\u00fcms, Selbstbr\u00e4uner und Make-up auf den Bereich aufzutragen, da diese Produkte den T\u00e4towierungsprozess komplizieren k\u00f6nnen.<\/p>\n\n\n\n<p class=\"has-text-align-center\"><strong>BESCH\u00c4DIGTE HAUT<\/strong><\/p>\n\n\n\n<p>Es ist wichtig, dass du vor deinem Tattoo Termin aufgeschnittene, blaue Flecken, Verbrennungen, abbl\u00e4tternde Haut oder frische Br\u00e4une vermeidest, da dies dazu f\u00fchren kann, dass dein Tattoo Termin verschoben werden muss. Besch\u00e4digte Haut kann den Heilungsprozess beeintr\u00e4chtigen und die Aufnahme der Farbe beeinflussen. Daher ist es wichtig sicherzustellen, dass deine Haut gesund ist und keine Verletzungen aufweist, bevor du zu deinem Termin kommst.<\/p>\n\n\n\n<p class=\"has-text-align-center\"><strong>INTENSIVES TRAINING<\/strong><\/p>\n\n\n\n<p>Es ist in Ordnung, vor deinem Tattoo Termin etwas leichtes zu trainieren, aber halt dich von anstrengenden Aktivit\u00e4ten fern, die deine Muskeln ersch\u00f6pfen k\u00f6nnten. Strainieren deiner Muskeln k\u00f6nnte w\u00e4hrend des T\u00e4towierens zu mehr Unbehagen f\u00fchren, also w\u00e4hle entspanntere Workouts f\u00fcr ein angenehmeres Tattooerlebnis.<\/p>\n\n\n\n<p><\/p>\n\n\n\n<p>Wenn du vor deinem Tattoo Termin irgendwelche Zweifel oder Fragen hast, ruf einfach im Laden unter \u260e\ufe0f&nbsp;<strong>030 49080100<\/strong> an oder schick eine E-Mail an &nbsp;\ud83d\udce7 <strong>info@goodoldtimestattoo.com<\/strong>. Wir freuen uns schon darauf, dich bei Good Old Times Tattoo zu begr\u00fc\u00dfen! \u263a<\/p>\n\n\n\n<div style=\"height:75px\" aria-hidden=\"true\" class=\"wp-block-spacer\"><\/div>\n\n\n\n<h2 class=\"wp-block-heading has-text-align-center\">Pflege<\/h2>\n\n\n\n<p>Eine gute Tattoo Vorbereitung ist wichtig, genauso wichtig ist aber auch die <a href=\"https:\/\/goodoldtimestattoo.com\/de\/tattoo-pflege\/\">Tattoopflege<\/a> nach der Sitzung. Erfahre hier, worauf du achten musst.<\/p>\n\n\n<div class=\"wp-block-image\">\n<figure class=\"aligncenter size-large\"><img loading=\"lazy\" decoding=\"async\" width=\"1024\" height=\"640\" src=\"https:\/\/goodoldtimestattoo.com\/wp-content\/uploads\/2022\/12\/after-the-tattoo-thump-1024x640.jpg\" alt=\"tattoopflege\" class=\"wp-image-6738\" srcset=\"https:\/\/goodoldtimestattoo.com\/wp-content\/uploads\/2022\/12\/after-the-tattoo-thump-1024x640.jpg 1024w, https:\/\/goodoldtimestattoo.com\/wp-content\/uploads\/2022\/12\/after-the-tattoo-thump-300x188.jpg 300w, https:\/\/goodoldtimestattoo.com\/wp-content\/uploads\/2022\/12\/after-the-tattoo-thump-768x480.jpg 768w, https:\/\/goodoldtimestattoo.com\/wp-content\/uploads\/2022\/12\/after-the-tattoo-thump-1536x960.jpg 1536w, https:\/\/goodoldtimestattoo.com\/wp-content\/uploads\/2022\/12\/after-the-tattoo-thump-1568x980.jpg 1568w, https:\/\/goodoldtimestattoo.com\/wp-content\/uploads\/2022\/12\/after-the-tattoo-thump-450x281.jpg 450w, https:\/\/goodoldtimestattoo.com\/wp-content\/uploads\/2022\/12\/after-the-tattoo-thump.jpg 1843w\" sizes=\"auto, (max-width: 1024px) 100vw, 1024px\" \/><\/figure>\n<\/div>\n\n\n<div class=\"wp-block-button aligncenter is-style-outline is-style-outline--2\"><a class=\"wp-block-button__link has-dark-gray-color has-text-color wp-element-button\" href=\"https:\/\/goodoldtimestattoo.com\/de\/tattoo-pflege\/\">Mehr erfahren<\/a><\/div>\n","protected":false},"excerpt":{"rendered":"<p>Eine gute Tattoo Vorbereitung, bevor du ins Tattoo Studio kommst, kann dein Erlebnis, sowohl f\u00fcr dich als auch f\u00fcr deinen K\u00fcnstler, erheblich verbessern. Wenn die Nacht vor dem Tattoo n\u00e4her r\u00fcckt, steigt die Vorfreude, egal ob du ein erfahrener Veteran bist oder zum ersten Mal in ein Tattoostudio gehst. Doch es gibt wichtige Tipps zu &hellip; <\/p>\n<p class=\"link-more\"><a href=\"https:\/\/goodoldtimestattoo.com\/de\/vor-dem-tattoo\/\" class=\"more-link\"><span class=\"screen-reader-text\">\u201eVor dem Tattoo\u201c<\/span> weiterlesen<\/a><\/p>\n","protected":false},"author":1,"featured_media":1397,"parent":0,"menu_order":0,"comment_status":"closed","ping_status":"closed","template":"","meta":{"_acf_changed":false,"footnotes":""},"class_list":["post-950","page","type-page","status-publish","has-post-thumbnail","hentry","entry"],"acf":[],"yoast_head":"<!-- This site is optimized with the Yoast SEO plugin v27.4 - https:\/\/yoast.com\/product\/yoast-seo-wordpress\/ -->\n<title>Tattoo Vorbereitung - Ern\u00e4hrungbHygiene Good Old Times Tattoo<\/title>\n<meta name=\"description\" content=\"Tattoo Vorbereitung - hier erf\u00e4hrst du, welche Punkte du hinsichtlich Ern\u00e4hrung, Hygiene, Kleidung uvm. beachten solltest.\" \/>\n<meta name=\"robots\" content=\"index, follow, max-snippet:-1, max-image-preview:large, max-video-preview:-1\" \/>\n<link rel=\"canonical\" href=\"https:\/\/goodoldtimestattoo.com\/de\/vor-dem-tattoo\/\" \/>\n<meta property=\"og:locale\" content=\"de_DE\" \/>\n<meta property=\"og:type\" content=\"article\" \/>\n<meta property=\"og:title\" content=\"Tattoo Vorbereitung - Ern\u00e4hrungbHygiene Good Old Times Tattoo\" \/>\n<meta property=\"og:description\" content=\"Tattoo Vorbereitung - hier erf\u00e4hrst du, welche Punkte du hinsichtlich Ern\u00e4hrung, Hygiene, Kleidung uvm. beachten solltest.\" \/>\n<meta property=\"og:url\" content=\"https:\/\/goodoldtimestattoo.com\/de\/vor-dem-tattoo\/\" \/>\n<meta property=\"og:site_name\" content=\"Good Old Times Tattoo\" \/>\n<meta property=\"article:publisher\" content=\"https:\/\/www.facebook.com\/goodoldtimestattoo\/\" \/>\n<meta property=\"article:modified_time\" content=\"2026-01-23T16:43:15+00:00\" \/>\n<meta property=\"og:image\" content=\"https:\/\/goodoldtimestattoo.com\/wp-content\/uploads\/2019\/06\/vor_dem_tattoo.jpg\" \/>\n\t<meta property=\"og:image:width\" content=\"750\" \/>\n\t<meta property=\"og:image:height\" content=\"500\" \/>\n\t<meta property=\"og:image:type\" content=\"image\/jpeg\" \/>\n<meta name=\"twitter:card\" content=\"summary_large_image\" \/>\n<meta name=\"twitter:label1\" content=\"Gesch\u00e4tzte Lesezeit\" \/>\n\t<meta name=\"twitter:data1\" content=\"6\u00a0Minuten\" \/>\n<script type=\"application\/ld+json\" class=\"yoast-schema-graph\">{\"@context\":\"https:\\\/\\\/schema.org\",\"@graph\":[{\"@type\":\"WebPage\",\"@id\":\"https:\\\/\\\/goodoldtimestattoo.com\\\/de\\\/vor-dem-tattoo\\\/\",\"url\":\"https:\\\/\\\/goodoldtimestattoo.com\\\/de\\\/vor-dem-tattoo\\\/\",\"name\":\"Tattoo Vorbereitung - Ern\u00e4hrungbHygiene Good Old Times Tattoo\",\"isPartOf\":{\"@id\":\"https:\\\/\\\/goodoldtimestattoo.com\\\/de\\\/#website\"},\"primaryImageOfPage\":{\"@id\":\"https:\\\/\\\/goodoldtimestattoo.com\\\/de\\\/vor-dem-tattoo\\\/#primaryimage\"},\"image\":{\"@id\":\"https:\\\/\\\/goodoldtimestattoo.com\\\/de\\\/vor-dem-tattoo\\\/#primaryimage\"},\"thumbnailUrl\":\"https:\\\/\\\/goodoldtimestattoo.com\\\/wp-content\\\/uploads\\\/2019\\\/06\\\/vor_dem_tattoo.jpg\",\"datePublished\":\"2019-06-13T02:33:01+00:00\",\"dateModified\":\"2026-01-23T16:43:15+00:00\",\"description\":\"Tattoo Vorbereitung - hier erf\u00e4hrst du, welche Punkte du hinsichtlich Ern\u00e4hrung, Hygiene, Kleidung uvm. beachten solltest.\",\"breadcrumb\":{\"@id\":\"https:\\\/\\\/goodoldtimestattoo.com\\\/de\\\/vor-dem-tattoo\\\/#breadcrumb\"},\"inLanguage\":\"de\",\"potentialAction\":[{\"@type\":\"ReadAction\",\"target\":[\"https:\\\/\\\/goodoldtimestattoo.com\\\/de\\\/vor-dem-tattoo\\\/\"]}]},{\"@type\":\"ImageObject\",\"inLanguage\":\"de\",\"@id\":\"https:\\\/\\\/goodoldtimestattoo.com\\\/de\\\/vor-dem-tattoo\\\/#primaryimage\",\"url\":\"https:\\\/\\\/goodoldtimestattoo.com\\\/wp-content\\\/uploads\\\/2019\\\/06\\\/vor_dem_tattoo.jpg\",\"contentUrl\":\"https:\\\/\\\/goodoldtimestattoo.com\\\/wp-content\\\/uploads\\\/2019\\\/06\\\/vor_dem_tattoo.jpg\",\"width\":750,\"height\":500,\"caption\":\"Die optimale Tattoo-Vorbereitung\"},{\"@type\":\"BreadcrumbList\",\"@id\":\"https:\\\/\\\/goodoldtimestattoo.com\\\/de\\\/vor-dem-tattoo\\\/#breadcrumb\",\"itemListElement\":[{\"@type\":\"ListItem\",\"position\":1,\"name\":\"Home\",\"item\":\"https:\\\/\\\/goodoldtimestattoo.com\\\/de\\\/\"},{\"@type\":\"ListItem\",\"position\":2,\"name\":\"Vor dem Tattoo\"}]},{\"@type\":\"WebSite\",\"@id\":\"https:\\\/\\\/goodoldtimestattoo.com\\\/de\\\/#website\",\"url\":\"https:\\\/\\\/goodoldtimestattoo.com\\\/de\\\/\",\"name\":\"Good Old Times Tattoo\",\"description\":\"Tattoo studio in central Berlin\",\"publisher\":{\"@id\":\"https:\\\/\\\/goodoldtimestattoo.com\\\/de\\\/#organization\"},\"potentialAction\":[{\"@type\":\"SearchAction\",\"target\":{\"@type\":\"EntryPoint\",\"urlTemplate\":\"https:\\\/\\\/goodoldtimestattoo.com\\\/de\\\/?s={search_term_string}\"},\"query-input\":{\"@type\":\"PropertyValueSpecification\",\"valueRequired\":true,\"valueName\":\"search_term_string\"}}],\"inLanguage\":\"de\"},{\"@type\":\"Organization\",\"@id\":\"https:\\\/\\\/goodoldtimestattoo.com\\\/de\\\/#organization\",\"name\":\"Good Old Times Tattoo\",\"url\":\"https:\\\/\\\/goodoldtimestattoo.com\\\/de\\\/\",\"logo\":{\"@type\":\"ImageObject\",\"inLanguage\":\"de\",\"@id\":\"https:\\\/\\\/goodoldtimestattoo.com\\\/de\\\/#\\\/schema\\\/logo\\\/image\\\/\",\"url\":\"https:\\\/\\\/goodoldtimestattoo.com\\\/wp-content\\\/uploads\\\/2019\\\/06\\\/reaper@2x.png\",\"contentUrl\":\"https:\\\/\\\/goodoldtimestattoo.com\\\/wp-content\\\/uploads\\\/2019\\\/06\\\/reaper@2x.png\",\"width\":750,\"height\":750,\"caption\":\"Good Old Times Tattoo\"},\"image\":{\"@id\":\"https:\\\/\\\/goodoldtimestattoo.com\\\/de\\\/#\\\/schema\\\/logo\\\/image\\\/\"},\"sameAs\":[\"https:\\\/\\\/www.facebook.com\\\/goodoldtimestattoo\\\/\",\"https:\\\/\\\/www.instagram.com\\\/goodoldtimestattoo\\\/\"]}]}<\/script>\n<!-- \/ Yoast SEO plugin. -->","yoast_head_json":{"title":"Tattoo Vorbereitung - Ern\u00e4hrungbHygiene Good Old Times Tattoo","description":"Tattoo Vorbereitung - hier erf\u00e4hrst du, welche Punkte du hinsichtlich Ern\u00e4hrung, Hygiene, Kleidung uvm. beachten solltest.","robots":{"index":"index","follow":"follow","max-snippet":"max-snippet:-1","max-image-preview":"max-image-preview:large","max-video-preview":"max-video-preview:-1"},"canonical":"https:\/\/goodoldtimestattoo.com\/de\/vor-dem-tattoo\/","og_locale":"de_DE","og_type":"article","og_title":"Tattoo Vorbereitung - Ern\u00e4hrungbHygiene Good Old Times Tattoo","og_description":"Tattoo Vorbereitung - hier erf\u00e4hrst du, welche Punkte du hinsichtlich Ern\u00e4hrung, Hygiene, Kleidung uvm. beachten solltest.","og_url":"https:\/\/goodoldtimestattoo.com\/de\/vor-dem-tattoo\/","og_site_name":"Good Old Times Tattoo","article_publisher":"https:\/\/www.facebook.com\/goodoldtimestattoo\/","article_modified_time":"2026-01-23T16:43:15+00:00","og_image":[{"width":750,"height":500,"url":"https:\/\/goodoldtimestattoo.com\/wp-content\/uploads\/2019\/06\/vor_dem_tattoo.jpg","type":"image\/jpeg"}],"twitter_card":"summary_large_image","twitter_misc":{"Gesch\u00e4tzte Lesezeit":"6\u00a0Minuten"},"schema":{"@context":"https:\/\/schema.org","@graph":[{"@type":"WebPage","@id":"https:\/\/goodoldtimestattoo.com\/de\/vor-dem-tattoo\/","url":"https:\/\/goodoldtimestattoo.com\/de\/vor-dem-tattoo\/","name":"Tattoo Vorbereitung - Ern\u00e4hrungbHygiene Good Old Times Tattoo","isPartOf":{"@id":"https:\/\/goodoldtimestattoo.com\/de\/#website"},"primaryImageOfPage":{"@id":"https:\/\/goodoldtimestattoo.com\/de\/vor-dem-tattoo\/#primaryimage"},"image":{"@id":"https:\/\/goodoldtimestattoo.com\/de\/vor-dem-tattoo\/#primaryimage"},"thumbnailUrl":"https:\/\/goodoldtimestattoo.com\/wp-content\/uploads\/2019\/06\/vor_dem_tattoo.jpg","datePublished":"2019-06-13T02:33:01+00:00","dateModified":"2026-01-23T16:43:15+00:00","description":"Tattoo Vorbereitung - hier erf\u00e4hrst du, welche Punkte du hinsichtlich Ern\u00e4hrung, Hygiene, Kleidung uvm. beachten solltest.","breadcrumb":{"@id":"https:\/\/goodoldtimestattoo.com\/de\/vor-dem-tattoo\/#breadcrumb"},"inLanguage":"de","potentialAction":[{"@type":"ReadAction","target":["https:\/\/goodoldtimestattoo.com\/de\/vor-dem-tattoo\/"]}]},{"@type":"ImageObject","inLanguage":"de","@id":"https:\/\/goodoldtimestattoo.com\/de\/vor-dem-tattoo\/#primaryimage","url":"https:\/\/goodoldtimestattoo.com\/wp-content\/uploads\/2019\/06\/vor_dem_tattoo.jpg","contentUrl":"https:\/\/goodoldtimestattoo.com\/wp-content\/uploads\/2019\/06\/vor_dem_tattoo.jpg","width":750,"height":500,"caption":"Die optimale Tattoo-Vorbereitung"},{"@type":"BreadcrumbList","@id":"https:\/\/goodoldtimestattoo.com\/de\/vor-dem-tattoo\/#breadcrumb","itemListElement":[{"@type":"ListItem","position":1,"name":"Home","item":"https:\/\/goodoldtimestattoo.com\/de\/"},{"@type":"ListItem","position":2,"name":"Vor dem Tattoo"}]},{"@type":"WebSite","@id":"https:\/\/goodoldtimestattoo.com\/de\/#website","url":"https:\/\/goodoldtimestattoo.com\/de\/","name":"Good Old Times Tattoo","description":"Tattoo studio in central Berlin","publisher":{"@id":"https:\/\/goodoldtimestattoo.com\/de\/#organization"},"potentialAction":[{"@type":"SearchAction","target":{"@type":"EntryPoint","urlTemplate":"https:\/\/goodoldtimestattoo.com\/de\/?s={search_term_string}"},"query-input":{"@type":"PropertyValueSpecification","valueRequired":true,"valueName":"search_term_string"}}],"inLanguage":"de"},{"@type":"Organization","@id":"https:\/\/goodoldtimestattoo.com\/de\/#organization","name":"Good Old Times Tattoo","url":"https:\/\/goodoldtimestattoo.com\/de\/","logo":{"@type":"ImageObject","inLanguage":"de","@id":"https:\/\/goodoldtimestattoo.com\/de\/#\/schema\/logo\/image\/","url":"https:\/\/goodoldtimestattoo.com\/wp-content\/uploads\/2019\/06\/reaper@2x.png","contentUrl":"https:\/\/goodoldtimestattoo.com\/wp-content\/uploads\/2019\/06\/reaper@2x.png","width":750,"height":750,"caption":"Good Old Times Tattoo"},"image":{"@id":"https:\/\/goodoldtimestattoo.com\/de\/#\/schema\/logo\/image\/"},"sameAs":["https:\/\/www.facebook.com\/goodoldtimestattoo\/","https:\/\/www.instagram.com\/goodoldtimestattoo\/"]}]}},"_links":{"self":[{"href":"https:\/\/goodoldtimestattoo.com\/de\/wp-json\/wp\/v2\/pages\/950","targetHints":{"allow":["GET"]}}],"collection":[{"href":"https:\/\/goodoldtimestattoo.com\/de\/wp-json\/wp\/v2\/pages"}],"about":[{"href":"https:\/\/goodoldtimestattoo.com\/de\/wp-json\/wp\/v2\/types\/page"}],"author":[{"embeddable":true,"href":"https:\/\/goodoldtimestattoo.com\/de\/wp-json\/wp\/v2\/users\/1"}],"replies":[{"embeddable":true,"href":"https:\/\/goodoldtimestattoo.com\/de\/wp-json\/wp\/v2\/comments?post=950"}],"version-history":[{"count":3,"href":"https:\/\/goodoldtimestattoo.com\/de\/wp-json\/wp\/v2\/pages\/950\/revisions"}],"predecessor-version":[{"id":10957,"href":"https:\/\/goodoldtimestattoo.com\/de\/wp-json\/wp\/v2\/pages\/950\/revisions\/10957"}],"wp:featuredmedia":[{"embeddable":true,"href":"https:\/\/goodoldtimestattoo.com\/de\/wp-json\/wp\/v2\/media\/1397"}],"wp:attachment":[{"href":"https:\/\/goodoldtimestattoo.com\/de\/wp-json\/wp\/v2\/media?parent=950"}],"curies":[{"name":"wp","href":"https:\/\/api.w.org\/{rel}","templated":true}]}}