{"id":956,"date":"2019-06-13T04:33:34","date_gmt":"2019-06-13T02:33:34","guid":{"rendered":"https:\/\/www.blumeblau.com\/goodoldtimestattoo\/tattoocare\/"},"modified":"2024-05-07T13:44:40","modified_gmt":"2024-05-07T13:44:40","slug":"tattoo-pflege","status":"publish","type":"page","link":"https:\/\/goodoldtimestattoo.com\/de\/tattoo-pflege\/","title":{"rendered":"Tattoo-Pflege"},"content":{"rendered":"\n<figure class=\"wp-block-image alignfull size-full\"><img loading=\"lazy\" decoding=\"async\" width=\"1843\" height=\"1152\" src=\"https:\/\/goodoldtimestattoo.com\/wp-content\/uploads\/2022\/12\/after-the-tattoo-thump-1.jpg\" alt=\"Tattoo Pflege bei Good Old Times Tattoo Berlin\" class=\"wp-image-6746\" srcset=\"https:\/\/goodoldtimestattoo.com\/wp-content\/uploads\/2022\/12\/after-the-tattoo-thump-1.jpg 1843w, https:\/\/goodoldtimestattoo.com\/wp-content\/uploads\/2022\/12\/after-the-tattoo-thump-1-300x188.jpg 300w, https:\/\/goodoldtimestattoo.com\/wp-content\/uploads\/2022\/12\/after-the-tattoo-thump-1-1024x640.jpg 1024w, https:\/\/goodoldtimestattoo.com\/wp-content\/uploads\/2022\/12\/after-the-tattoo-thump-1-768x480.jpg 768w, https:\/\/goodoldtimestattoo.com\/wp-content\/uploads\/2022\/12\/after-the-tattoo-thump-1-1536x960.jpg 1536w, https:\/\/goodoldtimestattoo.com\/wp-content\/uploads\/2022\/12\/after-the-tattoo-thump-1-1568x980.jpg 1568w, https:\/\/goodoldtimestattoo.com\/wp-content\/uploads\/2022\/12\/after-the-tattoo-thump-1-450x281.jpg 450w\" sizes=\"auto, (max-width: 1843px) 100vw, 1843px\" \/><\/figure>\n\n\n\n<p>Herzlichen Gl\u00fcckwunsch zu deinem neuen Tattoo! Bereit, mehr \u00fcber die Tattoo-Pflege zu erfahren? Nachdem du dein Tattoo erhalten hast, ist es entscheidend, bestimmte Richtlinien zu befolgen, um eine ordnungsgem\u00e4\u00dfe Heilung und Langlebigkeit zu gew\u00e4hrleisten. Lies weiter, um alle Informationen zu entdecken, die du ben\u00f6tigst \ud83d\ude42<\/p>\n\n\n\n<h2 class=\"wp-block-heading has-text-align-center\">WAS NACH EINEM TATTOO ZU TUN IST<\/h2>\n\n\n\n<p>Basierend auf dem Tattoo, das du bekommen hast, und deinen Pl\u00e4nen nach der Sitzung, empfehlen wir zwei unterschiedliche Tattoo-Pflege m\u00f6glichkeiten:<\/p>\n\n\n\n<ul class=\"wp-block-list\">\n<li><em>Transparenter Film: <\/em>Wenn dein Tattoo sehr gro\u00df ist oder wenn du in den n\u00e4chsten Tagen\/Wochen einen flexiblen Zeitplan hast, werden wir einen transparenten Film auftragen. Dieser Film wirkt als Barriere gegen Schmutz und Keime und soll nach einigen Stunden entfernt werden. Er erm\u00f6glicht deinem Tattoo zu atmen, w\u00e4hrend er Schutz w\u00e4hrend der anf\u00e4nglichen Heilungsphase bietet.<\/li>\n<\/ul>\n\n\n\n<ul class=\"wp-block-list\">\n<li><em>Second Skin<\/em>: Wenn du in den Tagen nach deiner Sitzung einen vollen Zeitplan hast oder wenn du planst zu reisen, empfehlen wir den Kauf eines Second Skin-Pakung. Diese atmungsaktive Tattoo-Sticker-Bandage bietet effektiven Schutz vor Wasser, Schmutz und Reibung. Sie kann f\u00fcr einige Tage auf dem Tattoo bleiben, sodass du deinen t\u00e4glichen Aktivit\u00e4ten ohne Sorgen nachgehen kannst.&nbsp;<\/li>\n<\/ul>\n\n\n\n<p>Beide Methoden haben ihre Vorteile, und wir werden dir detaillierte Anweisungen geben, wie du dein Tattoo mit jeder Option pflegen kannst. Dein Komfort und die optimale Heilung deines Tattoos haben f\u00fcr uns oberste Priorit\u00e4t.<\/p>\n\n\n\n<p class=\"has-text-align-center\"><strong>TRANSPARENTER FILM<\/strong><\/p>\n\n\n\n<p>Nachdem du dein Tattoo bekommen hast, wird ein d\u00fcner Film aufgetragen, um die frische Farbe zu sch\u00fctzen. Lass ihn f\u00fcr etwa 2-3 Stunden drauf, damit sich keine Kruste bildet. Wenn du den Film abnimmst, wasch dir gr\u00fcndlich die H\u00e4nde und reinige das Tattoo vorsichtig unter warmem Wasser. Verzichte zun\u00e4chst auf Seife, um Irritationen zu vermeiden. Benutze nur deine Hand, um \u00fcbersch\u00fcssiges Plasma, Blut, Vaseline oder Farbe zu entfernen, da grobe Materialien reizen k\u00f6nnten. Wenn sich dein Tattoo schl\u00fcpfrig anf\u00fchlt, ist das normal &#8211; entferne so viel wie m\u00f6glich, um dicke Krusten zu vermeiden. Lass das Tattoo dann an der Luft trocknen und trag morgens und abends f\u00fcr mindestens zwei Wochen eine d\u00fcnne Schicht Creme auf.<\/p>\n\n\n\n<p class=\"has-text-align-center\"><strong>SECOND SKIN AUFKLEBER<\/strong><\/p>\n\n\n\n<p>Wir bevorzugen es immer, zuerst eine Schicht transparenten Films aufzutragen und einige Stunden zu warten, bevor wir ein St\u00fcck Second Skin auf ein frisches Tattoo drauf kleben. Dadurch wird die m\u00f6gliche Bildung einer Blase voller Blut und K\u00f6rperfl\u00fcssigkeit unter dem Aufkleber vermieden.<\/p>\n\n\n\n<p>Nach einigen Stunden kannst du einfach den transparenten Film entfernen und das Tattoo unter warmem Wasser reinigen. Lass die Stelle an der Luft trocknen, bevor du den Aufkleber anbringst. Sobald das Second Skin aufgetragen ist, kannst du es bis zu drei Tage lang drauflassen, wobei du jederzeit die M\u00f6glichkeit hast, es w\u00e4hrend dieses Zeitraums zu entfernen. Beim Duschen darauf achten, dass kein Wasser unter den Aufkleber gelangt; wenn doch, sofort entfernen. Nach drei Tagen den Aufkleber entfernen und die gesamte Stelle gr\u00fcndlich mit warmem Wasser abwaschen, um jeglichen Kleber\u00fcckstand zu entfernen. Lass das Tattoo mindestens einen halben Tag lang an der Luft trocknen, bevor du Creme auftr\u00e4gst. Nach dieser Zeit kannst du morgens und abends eine sehr d\u00fcnne Schicht Creme auftragen, und das f\u00fcr mindestens zwei Wochen.<\/p>\n\n\n\n<p>Es ist wichtig zu beachten, dass bei Verwendung von Second Skin keine Creme gleichzeitig aufgetragen werden sollte. Dadurch wird verhindert, dass der Aufkleber richtig haftet.<\/p>\n\n\n\n<p>F\u00fcr die Tattoo-Pflege empfehlen wir &#8222;Panthenol-ratiopharm\u00ae Wundbalsam&#8220;, den du in jeder Apotheke in Berlin bekommst. Bitte beachte jedoch, dass wir keine Verantwortung f\u00fcr Probleme \u00fcbernehmen k\u00f6nnen, die durch die Verwendung von Produkten entstehen, die nicht von uns empfohlen werden.<\/p>\n\n\n\n<p>Im Allgemeinen deutet R\u00f6tung bei einem Tattoo w\u00e4hrend des Heilungsprozesses auf Hautreizungen hin. In solchen F\u00e4llen ist es ratsam, f\u00fcr 3-4 Tage keine Creme aufzutragen und die Wunde nat\u00fcrlich heilen zu lassen. Juckreiz ist zwar w\u00e4hrend der Wundheilung \u00fcblich, aber vermeide es, das Tattoo zu kratzen oder zu zupfen. Wenn der Juckreiz unertr\u00e4glich wird, kannst du die Beschwerden lindern, indem du eine gek\u00fchlte Eutektikum Platte in ein Handtuch wickelst und auf die betroffene Stelle legst.<\/p>\n\n\n\n<p>Wenn du alle Anweisungen befolgst, sollte dein Tattoo reibungslos heilen und ohne Komplikationen verheilen. Falls du Fragen zur Pflege deines neuen Tattoos hast, z\u00f6gere nicht, das Team vom Good Old Times Tattoo Studio um zus\u00e4tzliche Unterst\u00fctzung zu bitten.<\/p>\n\n\n\n<p>Nach etwa sechs Wochen empfehlen wir, zum Studio f\u00fcr einen Nachkontrolltermin zur\u00fcckzukehren. Obwohl es \u00e4u\u00dferlich bereits verheilt aussieht, dauert der gesamte Heilungsprozess in der Regel etwa 4-6 Wochen. Auch wenn nicht alle Tattoos Nachbesserungen ben\u00f6tigen, bieten wir innerhalb von drei Monaten nach deiner ersten Sitzung eine kostenlose Nachbesserung an. Nach diesem Zeitraum k\u00f6nnen eventuelle Nachbesserungen zus\u00e4tzliche Kosten verursachen.<\/p>\n\n\n\n<p><\/p>\n\n\n\n<h2 class=\"wp-block-heading has-text-align-center\">WAS NACH EINEM TATTOO NICHT ZU TUN IST<\/h2>\n\n\n\n<p class=\"has-text-align-center\"><strong>SPORT UND ENGE KLEIDUNG<\/strong><\/p>\n\n\n\n<p>Es dauert ungef\u00e4hr 6 Wochen, bis die Pigmente, die bei der T\u00e4towierung in die Haut gestochen werden, im Gewebe eingekapselt sind. W\u00e4hrend des Heilungsprozesses sind sie daher empfindlich gegen\u00fcber Druck und Spannung. Bitte versuche, so wenig Sport wie m\u00f6glich zu treiben, der Druck auf die betroffene Stelle aus\u00fcben w\u00fcrde. Das Gleiche gilt f\u00fcr das Tragen enger Kleidung, das Reibung verursachen k\u00f6nnte. In diesem Fall ist \u00e4u\u00dferste Vorsicht geboten. Baden und Schwimmen sollten nach M\u00f6glichkeit vermieden werden &#8211; das Duschen hingegen ist unbedenklich.<\/p>\n\n\n\n<p class=\"has-text-align-center\"><strong>SONNENEINWIRKUNG<\/strong><\/p>\n\n\n\n<p>Es ist am besten, dein neues Tattoo f\u00fcr mindestens sechs Wochen nicht der direkten Sonne auszusetzen. Sonnenlicht kann Tattoos verblassen lassen, besonders auf frisch gestochener Haut. Das T\u00e4towieren macht die Haut empfindlicher f\u00fcr Sonnensch\u00e4den. Sogar ein Handtuch als Schutz reicht nicht aus. Deshalb solltest du immer einen Sonnenschutz mit hohem LSF auftragen, um dein Tattoo zu sch\u00fctzen.<\/p>\n\n\n\n<p class=\"has-text-align-center\"><strong>KONTAKT MIT TIEREN<\/strong><\/p>\n\n\n\n<p>Es ist wichtig, vorsichtig zu sein, wenn es um Haustiere und dein frisches Tattoo geht. Vermeide es, dass Tierhaare oder Speichel mit der t\u00e4towierten Stelle in Kontakt kommen, da dies zu Entz\u00fcndungen und m\u00f6glichen Komplikationen f\u00fchren kann. Denk daran, immer deine H\u00e4nde zu waschen, bevor du dein Tattoo ber\u00fchrst, um das Risiko einer Kontamination zu minimieren. Es ist besser, \u00fcberm\u00e4\u00dfig vorsichtig zu sein, als Infektionen zu riskieren.<\/p>\n\n\n\n<p><\/p>\n\n\n\n<p>Wenn du nach deinem Tattoo Termin irgendwelche Zweifel oder Fragen hast, ruf einfach im Laden unter \u260e\ufe0f\u00a0<strong>030 49080100<\/strong> an oder schick eine E-Mail an \u00a0\ud83d\udce7 <strong>info@goodoldtimestattoo.com<\/strong>\u263a.<\/p>\n\n\n\n<div style=\"height:75px\" aria-hidden=\"true\" class=\"wp-block-spacer\"><\/div>\n\n\n\n<h2 class=\"wp-block-heading has-text-align-center\">Vor dem Tattoo<\/h2>\n\n\n\n<p>Genauso wichtig wie die Tattoo-Pflege nach der Sitzung, ist die Tattoo Vorbereitung vor Umsetzung deines Vorhabens. Erfahre hier, welche Aspekte dabei entscheidend sind.<\/p>\n\n\n<div class=\"wp-block-image\">\n<figure class=\"aligncenter size-large\"><img loading=\"lazy\" decoding=\"async\" width=\"1024\" height=\"640\" src=\"https:\/\/goodoldtimestattoo.com\/wp-content\/uploads\/2022\/12\/vor-dem-tattoo-1-1024x640.jpg\" alt=\"vor dem Tattoo\" class=\"wp-image-6764\" srcset=\"https:\/\/goodoldtimestattoo.com\/wp-content\/uploads\/2022\/12\/vor-dem-tattoo-1-1024x640.jpg 1024w, https:\/\/goodoldtimestattoo.com\/wp-content\/uploads\/2022\/12\/vor-dem-tattoo-1-300x188.jpg 300w, https:\/\/goodoldtimestattoo.com\/wp-content\/uploads\/2022\/12\/vor-dem-tattoo-1-768x480.jpg 768w, https:\/\/goodoldtimestattoo.com\/wp-content\/uploads\/2022\/12\/vor-dem-tattoo-1-450x281.jpg 450w, https:\/\/goodoldtimestattoo.com\/wp-content\/uploads\/2022\/12\/vor-dem-tattoo-1.jpg 1152w\" sizes=\"auto, (max-width: 1024px) 100vw, 1024px\" \/><\/figure>\n<\/div>\n\n\n<div class=\"wp-block-button aligncenter is-style-outline is-style-outline--2\"><a class=\"wp-block-button__link has-dark-gray-color has-text-color wp-element-button\" href=\"https:\/\/goodoldtimestattoo.com\/de\/vor-dem-tattoo\/\">Mehr erfahren<\/a><\/div>\n","protected":false},"excerpt":{"rendered":"<p>Herzlichen Gl\u00fcckwunsch zu deinem neuen Tattoo! Bereit, mehr \u00fcber die Tattoo-Pflege zu erfahren? Nachdem du dein Tattoo erhalten hast, ist es entscheidend, bestimmte Richtlinien zu befolgen, um eine ordnungsgem\u00e4\u00dfe Heilung und Langlebigkeit zu gew\u00e4hrleisten. Lies weiter, um alle Informationen zu entdecken, die du ben\u00f6tigst \ud83d\ude42 WAS NACH EINEM TATTOO ZU TUN IST Basierend auf dem &hellip; <\/p>\n<p class=\"link-more\"><a href=\"https:\/\/goodoldtimestattoo.com\/de\/tattoo-pflege\/\" class=\"more-link\"><span class=\"screen-reader-text\">\u201eTattoo-Pflege\u201c<\/span> weiterlesen<\/a><\/p>\n","protected":false},"author":1,"featured_media":1395,"parent":0,"menu_order":0,"comment_status":"closed","ping_status":"closed","template":"","meta":{"_acf_changed":false,"footnotes":""},"class_list":["post-956","page","type-page","status-publish","has-post-thumbnail","hentry","entry"],"acf":[],"yoast_head":"<!-- This site is optimized with the Yoast SEO plugin v27.3 - https:\/\/yoast.com\/product\/yoast-seo-wordpress\/ -->\n<title>Tattoo-Pflege - Good Old Times Tattoo<\/title>\n<meta name=\"description\" content=\"Welche Tattoo-Pflege ist die beste Wahl? Hier bekommst du alle wichtigen Infos zu Folie, Creme, Wundheilung und vielem mehr!\" \/>\n<meta name=\"robots\" content=\"index, follow, max-snippet:-1, max-image-preview:large, max-video-preview:-1\" \/>\n<link rel=\"canonical\" href=\"https:\/\/goodoldtimestattoo.com\/de\/tattoo-pflege\/\" \/>\n<meta property=\"og:locale\" content=\"de_DE\" \/>\n<meta property=\"og:type\" content=\"article\" \/>\n<meta property=\"og:title\" content=\"Tattoo-Pflege - Good Old Times Tattoo\" \/>\n<meta property=\"og:description\" content=\"Welche Tattoo-Pflege ist die beste Wahl? Hier bekommst du alle wichtigen Infos zu Folie, Creme, Wundheilung und vielem mehr!\" \/>\n<meta property=\"og:url\" content=\"https:\/\/goodoldtimestattoo.com\/de\/tattoo-pflege\/\" \/>\n<meta property=\"og:site_name\" content=\"Good Old Times Tattoo\" \/>\n<meta property=\"article:publisher\" content=\"https:\/\/www.facebook.com\/goodoldtimestattoo\/\" \/>\n<meta property=\"article:modified_time\" content=\"2024-05-07T13:44:40+00:00\" \/>\n<meta property=\"og:image\" content=\"https:\/\/goodoldtimestattoo.com\/wp-content\/uploads\/2019\/06\/tattoopflege.jpg\" \/>\n\t<meta property=\"og:image:width\" content=\"750\" \/>\n\t<meta property=\"og:image:height\" content=\"500\" \/>\n\t<meta property=\"og:image:type\" content=\"image\/jpeg\" \/>\n<meta name=\"twitter:card\" content=\"summary_large_image\" \/>\n<meta name=\"twitter:label1\" content=\"Gesch\u00e4tzte Lesezeit\" \/>\n\t<meta name=\"twitter:data1\" content=\"6\u00a0Minuten\" \/>\n<script type=\"application\/ld+json\" class=\"yoast-schema-graph\">{\"@context\":\"https:\\\/\\\/schema.org\",\"@graph\":[{\"@type\":\"WebPage\",\"@id\":\"https:\\\/\\\/goodoldtimestattoo.com\\\/de\\\/tattoo-pflege\\\/\",\"url\":\"https:\\\/\\\/goodoldtimestattoo.com\\\/de\\\/tattoo-pflege\\\/\",\"name\":\"Tattoo-Pflege - Good Old Times Tattoo\",\"isPartOf\":{\"@id\":\"https:\\\/\\\/goodoldtimestattoo.com\\\/de\\\/#website\"},\"primaryImageOfPage\":{\"@id\":\"https:\\\/\\\/goodoldtimestattoo.com\\\/de\\\/tattoo-pflege\\\/#primaryimage\"},\"image\":{\"@id\":\"https:\\\/\\\/goodoldtimestattoo.com\\\/de\\\/tattoo-pflege\\\/#primaryimage\"},\"thumbnailUrl\":\"https:\\\/\\\/goodoldtimestattoo.com\\\/wp-content\\\/uploads\\\/2019\\\/06\\\/tattoopflege.jpg\",\"datePublished\":\"2019-06-13T02:33:34+00:00\",\"dateModified\":\"2024-05-07T13:44:40+00:00\",\"description\":\"Welche Tattoo-Pflege ist die beste Wahl? Hier bekommst du alle wichtigen Infos zu Folie, Creme, Wundheilung und vielem mehr!\",\"breadcrumb\":{\"@id\":\"https:\\\/\\\/goodoldtimestattoo.com\\\/de\\\/tattoo-pflege\\\/#breadcrumb\"},\"inLanguage\":\"de\",\"potentialAction\":[{\"@type\":\"ReadAction\",\"target\":[\"https:\\\/\\\/goodoldtimestattoo.com\\\/de\\\/tattoo-pflege\\\/\"]}]},{\"@type\":\"ImageObject\",\"inLanguage\":\"de\",\"@id\":\"https:\\\/\\\/goodoldtimestattoo.com\\\/de\\\/tattoo-pflege\\\/#primaryimage\",\"url\":\"https:\\\/\\\/goodoldtimestattoo.com\\\/wp-content\\\/uploads\\\/2019\\\/06\\\/tattoopflege.jpg\",\"contentUrl\":\"https:\\\/\\\/goodoldtimestattoo.com\\\/wp-content\\\/uploads\\\/2019\\\/06\\\/tattoopflege.jpg\",\"width\":750,\"height\":500,\"caption\":\"Tattoo-Pflege bei Good-Old-Times Tattoo in Berlin Mitte\"},{\"@type\":\"BreadcrumbList\",\"@id\":\"https:\\\/\\\/goodoldtimestattoo.com\\\/de\\\/tattoo-pflege\\\/#breadcrumb\",\"itemListElement\":[{\"@type\":\"ListItem\",\"position\":1,\"name\":\"Home\",\"item\":\"https:\\\/\\\/goodoldtimestattoo.com\\\/de\\\/\"},{\"@type\":\"ListItem\",\"position\":2,\"name\":\"Tattoo-Pflege\"}]},{\"@type\":\"WebSite\",\"@id\":\"https:\\\/\\\/goodoldtimestattoo.com\\\/de\\\/#website\",\"url\":\"https:\\\/\\\/goodoldtimestattoo.com\\\/de\\\/\",\"name\":\"Good Old Times Tattoo\",\"description\":\"Tattoo studio in central Berlin\",\"publisher\":{\"@id\":\"https:\\\/\\\/goodoldtimestattoo.com\\\/de\\\/#organization\"},\"potentialAction\":[{\"@type\":\"SearchAction\",\"target\":{\"@type\":\"EntryPoint\",\"urlTemplate\":\"https:\\\/\\\/goodoldtimestattoo.com\\\/de\\\/?s={search_term_string}\"},\"query-input\":{\"@type\":\"PropertyValueSpecification\",\"valueRequired\":true,\"valueName\":\"search_term_string\"}}],\"inLanguage\":\"de\"},{\"@type\":\"Organization\",\"@id\":\"https:\\\/\\\/goodoldtimestattoo.com\\\/de\\\/#organization\",\"name\":\"Good Old Times Tattoo\",\"url\":\"https:\\\/\\\/goodoldtimestattoo.com\\\/de\\\/\",\"logo\":{\"@type\":\"ImageObject\",\"inLanguage\":\"de\",\"@id\":\"https:\\\/\\\/goodoldtimestattoo.com\\\/de\\\/#\\\/schema\\\/logo\\\/image\\\/\",\"url\":\"https:\\\/\\\/goodoldtimestattoo.com\\\/wp-content\\\/uploads\\\/2019\\\/06\\\/reaper@2x.png\",\"contentUrl\":\"https:\\\/\\\/goodoldtimestattoo.com\\\/wp-content\\\/uploads\\\/2019\\\/06\\\/reaper@2x.png\",\"width\":750,\"height\":750,\"caption\":\"Good Old Times Tattoo\"},\"image\":{\"@id\":\"https:\\\/\\\/goodoldtimestattoo.com\\\/de\\\/#\\\/schema\\\/logo\\\/image\\\/\"},\"sameAs\":[\"https:\\\/\\\/www.facebook.com\\\/goodoldtimestattoo\\\/\",\"https:\\\/\\\/www.instagram.com\\\/goodoldtimestattoo\\\/\"]}]}<\/script>\n<!-- \/ Yoast SEO plugin. -->","yoast_head_json":{"title":"Tattoo-Pflege - Good Old Times Tattoo","description":"Welche Tattoo-Pflege ist die beste Wahl? Hier bekommst du alle wichtigen Infos zu Folie, Creme, Wundheilung und vielem mehr!","robots":{"index":"index","follow":"follow","max-snippet":"max-snippet:-1","max-image-preview":"max-image-preview:large","max-video-preview":"max-video-preview:-1"},"canonical":"https:\/\/goodoldtimestattoo.com\/de\/tattoo-pflege\/","og_locale":"de_DE","og_type":"article","og_title":"Tattoo-Pflege - Good Old Times Tattoo","og_description":"Welche Tattoo-Pflege ist die beste Wahl? Hier bekommst du alle wichtigen Infos zu Folie, Creme, Wundheilung und vielem mehr!","og_url":"https:\/\/goodoldtimestattoo.com\/de\/tattoo-pflege\/","og_site_name":"Good Old Times Tattoo","article_publisher":"https:\/\/www.facebook.com\/goodoldtimestattoo\/","article_modified_time":"2024-05-07T13:44:40+00:00","og_image":[{"width":750,"height":500,"url":"https:\/\/goodoldtimestattoo.com\/wp-content\/uploads\/2019\/06\/tattoopflege.jpg","type":"image\/jpeg"}],"twitter_card":"summary_large_image","twitter_misc":{"Gesch\u00e4tzte Lesezeit":"6\u00a0Minuten"},"schema":{"@context":"https:\/\/schema.org","@graph":[{"@type":"WebPage","@id":"https:\/\/goodoldtimestattoo.com\/de\/tattoo-pflege\/","url":"https:\/\/goodoldtimestattoo.com\/de\/tattoo-pflege\/","name":"Tattoo-Pflege - Good Old Times Tattoo","isPartOf":{"@id":"https:\/\/goodoldtimestattoo.com\/de\/#website"},"primaryImageOfPage":{"@id":"https:\/\/goodoldtimestattoo.com\/de\/tattoo-pflege\/#primaryimage"},"image":{"@id":"https:\/\/goodoldtimestattoo.com\/de\/tattoo-pflege\/#primaryimage"},"thumbnailUrl":"https:\/\/goodoldtimestattoo.com\/wp-content\/uploads\/2019\/06\/tattoopflege.jpg","datePublished":"2019-06-13T02:33:34+00:00","dateModified":"2024-05-07T13:44:40+00:00","description":"Welche Tattoo-Pflege ist die beste Wahl? Hier bekommst du alle wichtigen Infos zu Folie, Creme, Wundheilung und vielem mehr!","breadcrumb":{"@id":"https:\/\/goodoldtimestattoo.com\/de\/tattoo-pflege\/#breadcrumb"},"inLanguage":"de","potentialAction":[{"@type":"ReadAction","target":["https:\/\/goodoldtimestattoo.com\/de\/tattoo-pflege\/"]}]},{"@type":"ImageObject","inLanguage":"de","@id":"https:\/\/goodoldtimestattoo.com\/de\/tattoo-pflege\/#primaryimage","url":"https:\/\/goodoldtimestattoo.com\/wp-content\/uploads\/2019\/06\/tattoopflege.jpg","contentUrl":"https:\/\/goodoldtimestattoo.com\/wp-content\/uploads\/2019\/06\/tattoopflege.jpg","width":750,"height":500,"caption":"Tattoo-Pflege bei Good-Old-Times Tattoo in Berlin Mitte"},{"@type":"BreadcrumbList","@id":"https:\/\/goodoldtimestattoo.com\/de\/tattoo-pflege\/#breadcrumb","itemListElement":[{"@type":"ListItem","position":1,"name":"Home","item":"https:\/\/goodoldtimestattoo.com\/de\/"},{"@type":"ListItem","position":2,"name":"Tattoo-Pflege"}]},{"@type":"WebSite","@id":"https:\/\/goodoldtimestattoo.com\/de\/#website","url":"https:\/\/goodoldtimestattoo.com\/de\/","name":"Good Old Times Tattoo","description":"Tattoo studio in central Berlin","publisher":{"@id":"https:\/\/goodoldtimestattoo.com\/de\/#organization"},"potentialAction":[{"@type":"SearchAction","target":{"@type":"EntryPoint","urlTemplate":"https:\/\/goodoldtimestattoo.com\/de\/?s={search_term_string}"},"query-input":{"@type":"PropertyValueSpecification","valueRequired":true,"valueName":"search_term_string"}}],"inLanguage":"de"},{"@type":"Organization","@id":"https:\/\/goodoldtimestattoo.com\/de\/#organization","name":"Good Old Times Tattoo","url":"https:\/\/goodoldtimestattoo.com\/de\/","logo":{"@type":"ImageObject","inLanguage":"de","@id":"https:\/\/goodoldtimestattoo.com\/de\/#\/schema\/logo\/image\/","url":"https:\/\/goodoldtimestattoo.com\/wp-content\/uploads\/2019\/06\/reaper@2x.png","contentUrl":"https:\/\/goodoldtimestattoo.com\/wp-content\/uploads\/2019\/06\/reaper@2x.png","width":750,"height":750,"caption":"Good Old Times Tattoo"},"image":{"@id":"https:\/\/goodoldtimestattoo.com\/de\/#\/schema\/logo\/image\/"},"sameAs":["https:\/\/www.facebook.com\/goodoldtimestattoo\/","https:\/\/www.instagram.com\/goodoldtimestattoo\/"]}]}},"_links":{"self":[{"href":"https:\/\/goodoldtimestattoo.com\/de\/wp-json\/wp\/v2\/pages\/956","targetHints":{"allow":["GET"]}}],"collection":[{"href":"https:\/\/goodoldtimestattoo.com\/de\/wp-json\/wp\/v2\/pages"}],"about":[{"href":"https:\/\/goodoldtimestattoo.com\/de\/wp-json\/wp\/v2\/types\/page"}],"author":[{"embeddable":true,"href":"https:\/\/goodoldtimestattoo.com\/de\/wp-json\/wp\/v2\/users\/1"}],"replies":[{"embeddable":true,"href":"https:\/\/goodoldtimestattoo.com\/de\/wp-json\/wp\/v2\/comments?post=956"}],"version-history":[{"count":0,"href":"https:\/\/goodoldtimestattoo.com\/de\/wp-json\/wp\/v2\/pages\/956\/revisions"}],"wp:featuredmedia":[{"embeddable":true,"href":"https:\/\/goodoldtimestattoo.com\/de\/wp-json\/wp\/v2\/media\/1395"}],"wp:attachment":[{"href":"https:\/\/goodoldtimestattoo.com\/de\/wp-json\/wp\/v2\/media?parent=956"}],"curies":[{"name":"wp","href":"https:\/\/api.w.org\/{rel}","templated":true}]}}